{"id":2,"date":"2025-04-05T15:55:08","date_gmt":"2025-04-05T15:55:08","guid":{"rendered":"https:\/\/acupunturadurango.rkinformatika.online\/?page_id=2"},"modified":"2025-04-07T11:08:35","modified_gmt":"2025-04-07T11:08:35","slug":"inicio","status":"publish","type":"page","link":"https:\/\/acupunturadurango.com\/eu\/","title":{"rendered":"Hasiera"},"content":{"rendered":"<div data-elementor-type=\"wp-page\" data-elementor-id=\"2\" class=\"elementor elementor-2\" data-elementor-post-type=\"page\">\n\t\t\t\t\t\t<section class=\"elementor-section elementor-top-section elementor-element elementor-element-90515d9 elementor-section-height-min-height elementor-section-boxed elementor-section-height-default elementor-section-items-middle\" data-id=\"90515d9\" data-element_type=\"section\" data-e-type=\"section\" data-settings=\"{&quot;background_background&quot;:&quot;classic&quot;}\">\n\t\t\t\t\t\t\t<div class=\"elementor-background-overlay\"><\/div>\n\t\t\t\t\t\t\t<div class=\"elementor-container elementor-column-gap-no\">\n\t\t\t\t\t<div class=\"elementor-column elementor-col-100 elementor-top-column elementor-element elementor-element-f1fd3fc\" data-id=\"f1fd3fc\" data-element_type=\"column\" data-e-type=\"column\">\n\t\t\t<div class=\"elementor-widget-wrap elementor-element-populated\">\n\t\t\t\t\t\t<div class=\"elementor-element elementor-element-b461ada elementor-invisible elementor-widget elementor-widget-heading\" data-id=\"b461ada\" data-element_type=\"widget\" data-e-type=\"widget\" data-settings=\"{&quot;_animation&quot;:&quot;zoomIn&quot;}\" data-widget_type=\"heading.default\">\n\t\t\t\t<div class=\"elementor-widget-container\">\n\t\t\t\t\t<h2 class=\"elementor-heading-title elementor-size-default\">Ongi etorri <br>Acupuntura Nei Guan<\/h2>\t\t\t\t<\/div>\n\t\t\t\t<\/div>\n\t\t\t\t<div class=\"elementor-element elementor-element-336735b elementor-widget elementor-widget-text-editor\" data-id=\"336735b\" data-element_type=\"widget\" data-e-type=\"widget\" data-widget_type=\"text-editor.default\">\n\t\t\t\t<div class=\"elementor-widget-container\">\n\t\t\t\t\t\t\t\t\t<p>Akupuntura eta Txinako Medikuntza Tradizionala Durangon<\/p>\t\t\t\t\t\t\t\t<\/div>\n\t\t\t\t<\/div>\n\t\t\t\t<div class=\"elementor-element elementor-element-c849629 elementor-align-left elementor-invisible elementor-widget elementor-widget-button\" data-id=\"c849629\" data-element_type=\"widget\" data-e-type=\"widget\" data-settings=\"{&quot;_animation&quot;:&quot;zoomIn&quot;}\" data-widget_type=\"button.default\">\n\t\t\t\t<div class=\"elementor-widget-container\">\n\t\t\t\t\t\t\t\t\t<div class=\"elementor-button-wrapper\">\n\t\t\t\t\t<a class=\"elementor-button elementor-button-link elementor-size-sm elementor-animation-hang\" href=\"https:\/\/acupunturadurango.com\/index.php\/acupuntura\/\">\n\t\t\t\t\t\t<span class=\"elementor-button-content-wrapper\">\n\t\t\t\t\t\t\t\t\t<span class=\"elementor-button-text\">Acupuntura<\/span>\n\t\t\t\t\t<\/span>\n\t\t\t\t\t<\/a>\n\t\t\t\t<\/div>\n\t\t\t\t\t\t\t\t<\/div>\n\t\t\t\t<\/div>\n\t\t\t\t\t<\/div>\n\t\t<\/div>\n\t\t\t\t\t<\/div>\n\t\t<\/section>\n\t\t<div class=\"elementor-element elementor-element-adf2a42 e-flex e-con-boxed e-con e-parent\" data-id=\"adf2a42\" data-element_type=\"container\" data-e-type=\"container\">\n\t\t\t\t\t<div class=\"e-con-inner\">\n\t\t<div class=\"elementor-element elementor-element-770021b e-con-full e-flex e-con e-child\" data-id=\"770021b\" data-element_type=\"container\" data-e-type=\"container\" data-settings=\"{&quot;background_background&quot;:&quot;classic&quot;}\">\n\t\t\t\t<div class=\"elementor-element elementor-element-776d7a3 elementor-widget elementor-widget-image\" data-id=\"776d7a3\" data-element_type=\"widget\" data-e-type=\"widget\" data-widget_type=\"image.default\">\n\t\t\t\t<div class=\"elementor-widget-container\">\n\t\t\t\t\t\t\t\t\t\t\t\t\t\t\t<img fetchpriority=\"high\" decoding=\"async\" width=\"683\" height=\"1024\" src=\"https:\/\/acupunturadurango.com\/wp-content\/uploads\/2025\/04\/2148847561-683x1024.jpg\" class=\"attachment-large size-large wp-image-137\" alt=\"\" srcset=\"https:\/\/acupunturadurango.com\/wp-content\/uploads\/2025\/04\/2148847561-683x1024.jpg 683w, https:\/\/acupunturadurango.com\/wp-content\/uploads\/2025\/04\/2148847561-200x300.jpg 200w, https:\/\/acupunturadurango.com\/wp-content\/uploads\/2025\/04\/2148847561-768x1152.jpg 768w, https:\/\/acupunturadurango.com\/wp-content\/uploads\/2025\/04\/2148847561-8x12.jpg 8w, https:\/\/acupunturadurango.com\/wp-content\/uploads\/2025\/04\/2148847561.jpg 1000w\" sizes=\"(max-width: 683px) 100vw, 683px\" \/>\t\t\t\t\t\t\t\t\t\t\t\t\t\t\t<\/div>\n\t\t\t\t<\/div>\n\t\t\t\t<\/div>\n\t\t<div class=\"elementor-element elementor-element-f6513c5 e-con-full e-flex e-con e-child\" data-id=\"f6513c5\" data-element_type=\"container\" data-e-type=\"container\">\n\t\t\t\t<div class=\"elementor-element elementor-element-da26b5e elementor-widget elementor-widget-heading\" data-id=\"da26b5e\" data-element_type=\"widget\" data-e-type=\"widget\" data-widget_type=\"heading.default\">\n\t\t\t\t<div class=\"elementor-widget-container\">\n\t\t\t\t\t<h2 class=\"elementor-heading-title elementor-size-default\">Nor garen<\/h2>\t\t\t\t<\/div>\n\t\t\t\t<\/div>\n\t\t\t\t<div class=\"elementor-element elementor-element-e07e9a6 elementor-widget elementor-widget-text-editor\" data-id=\"e07e9a6\" data-element_type=\"widget\" data-e-type=\"widget\" data-widget_type=\"text-editor.default\">\n\t\t\t\t<div class=\"elementor-widget-container\">\n\t\t\t\t\t\t\t\t\t<p>Igor Gutierrez Txinako Medikuntza Tradizionalean lizentziaduna da Middlesex University-n (Erresuma Batua) eta Beijing-eko Medikuntza Txinatarreko Unibertsitatean (BeiJing Zhong Yi Yao Da Xue).<\/p><p>Prestakuntzan praktika estentsiboak egin nituen, bai klinika pribatuetan, bai Londresko eta Beijingeko ospitale publikoetan. Londresen, Whitington Hospital eta North Middlesex Hospital unitateetan artatu zuten. Beijingen 6 hilabeteko barnetegi bat egin zuen Xi Yan ospitalean eta Zhong Ri ospitalean, arnas gaitzetako, kardiobaskularreko, neurologiako, barne medikuntzako, pediatriako, dermatologiako eta kanpo medikuntzako departamentuetan.<\/p><p>Bere tutore klinikoen artean Dr. Song Suan Ke zegoen, Erresuma Batuko ugalkortasun arloko espezialista errespetatuenetako eta ezagunenetako bat.<\/p><p>Gateway Clinic-en (Txinako Medikuntza Tradizionalari eta NHSn (Osasun Zerbitzu Nazional britainiarra) finantzatutako eta integratutako Akupuntura klinika bakarra) praktiko graduatu ondoren, Durangora itzuli arte. Han, gihar-hezurretako afekzioen tratamenduan espezializatu zen, paziente seropositiboei eta onkologiako pazienteei laguntzeko. Aldi berean, ikasketa bat egin nuen Yang doktorearekin Soho Clinic-en, Londresko komunitate txinatarra tratatuz.<\/p><p>Harrezkero, Igorrek etengabe ikasi du eta ikasten jarraitu du. Hala, akupuntura eta medikuntza tradizionaleko profesionalentzako hainbat prestakuntza-mintegi egin ditu Txinan, besteak beste, dermatologia, erreumatologia eta Shonishin (Akupuntura pediatriko japoniarra).<\/p><div class=\"sociable\">\u00a0<\/div>\t\t\t\t\t\t\t\t<\/div>\n\t\t\t\t<\/div>\n\t\t\t\t<\/div>\n\t\t\t\t\t<\/div>\n\t\t\t\t<\/div>\n\t\t<div class=\"elementor-element elementor-element-2a9cfed e-flex e-con-boxed e-con e-parent\" data-id=\"2a9cfed\" data-element_type=\"container\" data-e-type=\"container\" data-settings=\"{&quot;background_background&quot;:&quot;classic&quot;}\">\n\t\t\t\t\t<div class=\"e-con-inner\">\n\t\t\t\t<div class=\"elementor-element elementor-element-f329e75 elementor-widget elementor-widget-heading\" data-id=\"f329e75\" data-element_type=\"widget\" data-e-type=\"widget\" data-widget_type=\"heading.default\">\n\t\t\t\t<div class=\"elementor-widget-container\">\n\t\t\t\t\t<h2 class=\"elementor-heading-title elementor-size-default\">Akupunturaren historia\n<\/h2>\t\t\t\t<\/div>\n\t\t\t\t<\/div>\n\t\t\t\t<div class=\"elementor-element elementor-element-801a6c4 elementor-widget elementor-widget-text-editor\" data-id=\"801a6c4\" data-element_type=\"widget\" data-e-type=\"widget\" data-widget_type=\"text-editor.default\">\n\t\t\t\t<div class=\"elementor-widget-container\">\n\t\t\t\t\t\t\t\t\t<p>Akupuntura tradizionala Txinako medikuntza tradizionalaren adar bat da \u2013 frogatutako eta egiaztatutako osasun sistema bat, milaka urtez Txinan eta Asiako hego-ekialdean praktikatu dena. Mendeetan zehar garatu, probatu, ikertu eta findu da, giza oreka energetikoaren ulermen konplexu eta zehatza emateko.<\/p><p>Txinako medikuntza tradizionaleko lehen liburu ezaguna, Enperadore Horiaren Barne Medikuntzako Klasikoa, AC mendetik I mendera bitartekoa da. Gaur egun munduan erabiltzen diren akupuntura sistema guztiek hazi-testu honetan dute jatorria.<br \/>Sin la ayuda de la tecnolog\u00eda moderna, los estudiosos chinos de la antig\u00fcedad descubrieron muchos aspectos de la ciencia biom\u00e9dica que ahora nos son familiares, como por ejemplo el efecto que tiene el estr\u00e9s en el sistema inmunol\u00f3gico. Los acupuntores tradicionales no son menos cient\u00edficos o sofisticados que los m\u00e9dicos modernos en su comprensi\u00f3n del funcionamiento del cuerpo humano, a pesar de que la terminolog\u00eda utilizada refleje los or\u00edgenes culturales e hist\u00f3ricos de la medicina tradicional china.<\/p><p>XX. mendearen lehen zatian, medikuntza tradizionala modan geratu zen Txinan, mendebaldetik inportatutako tratamendu sintomatikoen eragina dela eta, beste eragin kultural batzuekin batera. Mendebaldeko medikuntzan hezitako doktoreek Txinako medikuntza tradizionalaren debekua eskatu zuten, baina 1929ko martxoaren 17an Shang Haiko Batzar Mediko Nazionalak ukatu egin zuen. Gaur egun, data hori Txinako medikuntzako doktorearen eguna bezala ospatzen da.<\/p><p>Txinako medikuntza tradizionala mendebaldeko medikuntzaren itzalean egon zen 1934-35eko Martxa Luzeraino. Drogarik, anestesiarik edo kirurgiarik gabe, gaixo eta zauritu asko hiltzen ziren, harik eta Txinako medikuntza tradizionaleko doktoreek emaitza bikainak lortu zituzten arte akupuntura eta tratamendurako beste metodo tradizional batzuk erabiliz.<\/p><p>Une horretatik aurrera, Txinako medikuntza tradizionala eta mendebaldeko medikuntza, bata bestearekin batera, Txinan egin ziren. 1948an ezarritako Txinako Herri Errepublikaren babespean, Txinako medikuntza tradizionalaren adar guztiak babestu ziren eta haien hazkundea sustatua izan zen. 1978rako, ospitale osoak eta Txinako medikuntza tradizionalean aritzen ziren ikerketa-sailak ezarri ziren.<\/p><p>Gaur egun, akupuntura tradizionala mundu osoan praktikatzen da, eta azterketa klinikoek haren eraginkortasuna berresten dute. Gero eta jende gehiagok balia dezake osasun-sistema hori, haren erabilera pixkanaka onartzen ari baita osasun-zerbitzu erregularren barruko aukera gisa.<\/p>\t\t\t\t\t\t\t\t<\/div>\n\t\t\t\t<\/div>\n\t\t\t\t\t<\/div>\n\t\t\t\t<\/div>\n\t\t\t\t<section class=\"elementor-section elementor-top-section elementor-element elementor-element-abcf42e elementor-section-boxed elementor-section-height-default elementor-section-height-default\" data-id=\"abcf42e\" data-element_type=\"section\" data-e-type=\"section\" data-settings=\"{&quot;background_background&quot;:&quot;classic&quot;}\">\n\t\t\t\t\t\t\t<div class=\"elementor-background-overlay\"><\/div>\n\t\t\t\t\t\t\t<div class=\"elementor-container elementor-column-gap-no\">\n\t\t\t\t\t<div class=\"elementor-column elementor-col-100 elementor-top-column elementor-element elementor-element-e8c3969\" data-id=\"e8c3969\" data-element_type=\"column\" data-e-type=\"column\" data-settings=\"{&quot;background_background&quot;:&quot;classic&quot;}\">\n\t\t\t<div class=\"elementor-widget-wrap elementor-element-populated\">\n\t\t\t\t\t\t<div class=\"elementor-element elementor-element-7038566 elementor-invisible elementor-widget elementor-widget-heading\" data-id=\"7038566\" data-element_type=\"widget\" data-e-type=\"widget\" data-settings=\"{&quot;_animation&quot;:&quot;zoomIn&quot;}\" data-widget_type=\"heading.default\">\n\t\t\t\t<div class=\"elementor-widget-container\">\n\t\t\t\t\t<h2 class=\"elementor-heading-title elementor-size-default\">Ezagutu Txinako Medikuntza Tradizionalaren onurak<\/h2>\t\t\t\t<\/div>\n\t\t\t\t<\/div>\n\t\t\t\t<div class=\"elementor-element elementor-element-dcea4a8 elementor-invisible elementor-widget elementor-widget-heading\" data-id=\"dcea4a8\" data-element_type=\"widget\" data-e-type=\"widget\" data-settings=\"{&quot;_animation&quot;:&quot;zoomIn&quot;}\" data-widget_type=\"heading.default\">\n\t\t\t\t<div class=\"elementor-widget-container\">\n\t\t\t\t\t<h2 class=\"elementor-heading-title elementor-size-default\">Tratamendu pertsonalizatua, Txinako esperientzia klinikoko urteetan oinarritua<\/h2>\t\t\t\t<\/div>\n\t\t\t\t<\/div>\n\t\t\t\t<div class=\"elementor-element elementor-element-8a704a4 elementor-align-center elementor-invisible elementor-widget elementor-widget-button\" data-id=\"8a704a4\" data-element_type=\"widget\" data-e-type=\"widget\" data-settings=\"{&quot;_animation&quot;:&quot;zoomIn&quot;}\" data-widget_type=\"button.default\">\n\t\t\t\t<div class=\"elementor-widget-container\">\n\t\t\t\t\t\t\t\t\t<div class=\"elementor-button-wrapper\">\n\t\t\t\t\t<a class=\"elementor-button elementor-button-link elementor-size-sm elementor-animation-hang\" href=\"https:\/\/acupunturadurango.com\/index.php\/contacto\/\">\n\t\t\t\t\t\t<span class=\"elementor-button-content-wrapper\">\n\t\t\t\t\t\t\t\t\t<span class=\"elementor-button-text\">Jarri gurekin harremanetan<\/span>\n\t\t\t\t\t<\/span>\n\t\t\t\t\t<\/a>\n\t\t\t\t<\/div>\n\t\t\t\t\t\t\t\t<\/div>\n\t\t\t\t<\/div>\n\t\t\t\t\t<\/div>\n\t\t<\/div>\n\t\t\t\t\t<\/div>\n\t\t<\/section>\n\t\t\t\t<\/div>","protected":false},"excerpt":{"rendered":"<p>Bienvenidos a Acupuntura Nei Guan Acupuntura y Medicina Tradicional China en Durango Acupuntura Quienes somos Igor Guti\u00e9rrez es Licenciado en Medicina Tradicional China por la Middlesex University (Reino Unido) y por la Universidad de Beijing de Medicina China (BeiJing Zhong Yi Yao Da Xue). Durante su formaci\u00f3n realizo extensivas pr\u00e1cticas tanto en cl\u00ednicas privadas como [&hellip;]<\/p>\n","protected":false},"author":1,"featured_media":0,"parent":0,"menu_order":0,"comment_status":"closed","ping_status":"closed","template":"","meta":{"footnotes":""},"class_list":["post-2","page","type-page","status-publish","hentry"],"yoast_head":"<!-- This site is optimized with the Yoast SEO plugin v27.3 - https:\/\/yoast.com\/product\/yoast-seo-wordpress\/ -->\n<title>Inicio - Acupuntura Nei Guan<\/title>\n<meta name=\"robots\" content=\"index, follow, max-snippet:-1, max-image-preview:large, max-video-preview:-1\" \/>\n<link rel=\"canonical\" href=\"https:\/\/acupunturadurango.com\/eu\/\" \/>\n<meta property=\"og:locale\" content=\"en_US\" \/>\n<meta property=\"og:type\" content=\"article\" \/>\n<meta property=\"og:title\" content=\"Inicio - Acupuntura Nei Guan\" \/>\n<meta property=\"og:description\" content=\"Bienvenidos a Acupuntura Nei Guan Acupuntura y Medicina Tradicional China en Durango Acupuntura Quienes somos Igor Guti\u00e9rrez es Licenciado en Medicina Tradicional China por la Middlesex University (Reino Unido) y por la Universidad de Beijing de Medicina China (BeiJing Zhong Yi Yao Da Xue). Durante su formaci\u00f3n realizo extensivas pr\u00e1cticas tanto en cl\u00ednicas privadas como [&hellip;]\" \/>\n<meta property=\"og:url\" content=\"https:\/\/acupunturadurango.com\/eu\/\" \/>\n<meta property=\"og:site_name\" content=\"Acupuntura Nei Guan\" \/>\n<meta property=\"article:modified_time\" content=\"2025-04-07T11:08:35+00:00\" \/>\n<meta property=\"og:image\" content=\"https:\/\/acupunturadurango.com\/wp-content\/uploads\/2025\/04\/2148847561-683x1024.jpg\" \/>\n<meta name=\"twitter:card\" content=\"summary_large_image\" \/>\n<meta name=\"twitter:label1\" content=\"Est. reading time\" \/>\n\t<meta name=\"twitter:data1\" content=\"4 minutua\" \/>\n<script type=\"application\/ld+json\" class=\"yoast-schema-graph\">{\"@context\":\"https:\\\/\\\/schema.org\",\"@graph\":[{\"@type\":\"WebPage\",\"@id\":\"https:\\\/\\\/acupunturadurango.com\\\/\",\"url\":\"https:\\\/\\\/acupunturadurango.com\\\/\",\"name\":\"Inicio - Acupuntura Nei Guan\",\"isPartOf\":{\"@id\":\"https:\\\/\\\/acupunturadurango.com\\\/#website\"},\"primaryImageOfPage\":{\"@id\":\"https:\\\/\\\/acupunturadurango.com\\\/#primaryimage\"},\"image\":{\"@id\":\"https:\\\/\\\/acupunturadurango.com\\\/#primaryimage\"},\"thumbnailUrl\":\"https:\\\/\\\/acupunturadurango.com\\\/wp-content\\\/uploads\\\/2025\\\/04\\\/2148847561-683x1024.jpg\",\"datePublished\":\"2025-04-05T15:55:08+00:00\",\"dateModified\":\"2025-04-07T11:08:35+00:00\",\"breadcrumb\":{\"@id\":\"https:\\\/\\\/acupunturadurango.com\\\/#breadcrumb\"},\"inLanguage\":\"eu\",\"potentialAction\":[{\"@type\":\"ReadAction\",\"target\":[\"https:\\\/\\\/acupunturadurango.com\\\/\"]}]},{\"@type\":\"ImageObject\",\"inLanguage\":\"eu\",\"@id\":\"https:\\\/\\\/acupunturadurango.com\\\/#primaryimage\",\"url\":\"https:\\\/\\\/acupunturadurango.com\\\/wp-content\\\/uploads\\\/2025\\\/04\\\/2148847561-683x1024.jpg\",\"contentUrl\":\"https:\\\/\\\/acupunturadurango.com\\\/wp-content\\\/uploads\\\/2025\\\/04\\\/2148847561-683x1024.jpg\"},{\"@type\":\"BreadcrumbList\",\"@id\":\"https:\\\/\\\/acupunturadurango.com\\\/#breadcrumb\",\"itemListElement\":[{\"@type\":\"ListItem\",\"position\":1,\"name\":\"Portada\",\"item\":\"https:\\\/\\\/acupunturadurango.com\\\/\"},{\"@type\":\"ListItem\",\"position\":2,\"name\":\"Inicio\"}]},{\"@type\":\"WebSite\",\"@id\":\"https:\\\/\\\/acupunturadurango.com\\\/#website\",\"url\":\"https:\\\/\\\/acupunturadurango.com\\\/\",\"name\":\"Acupuntura Nei Guan\",\"description\":\"Acupuntura y Medicina Tradicional China\",\"publisher\":{\"@id\":\"https:\\\/\\\/acupunturadurango.com\\\/#organization\"},\"potentialAction\":[{\"@type\":\"SearchAction\",\"target\":{\"@type\":\"EntryPoint\",\"urlTemplate\":\"https:\\\/\\\/acupunturadurango.com\\\/?s={search_term_string}\"},\"query-input\":{\"@type\":\"PropertyValueSpecification\",\"valueRequired\":true,\"valueName\":\"search_term_string\"}}],\"inLanguage\":\"eu\"},{\"@type\":\"Organization\",\"@id\":\"https:\\\/\\\/acupunturadurango.com\\\/#organization\",\"name\":\"Acupuntura Nei Guan\",\"url\":\"https:\\\/\\\/acupunturadurango.com\\\/\",\"logo\":{\"@type\":\"ImageObject\",\"inLanguage\":\"eu\",\"@id\":\"https:\\\/\\\/acupunturadurango.com\\\/#\\\/schema\\\/logo\\\/image\\\/\",\"url\":\"https:\\\/\\\/acupunturadurango.com\\\/wp-content\\\/uploads\\\/2025\\\/04\\\/cropped-Diseno-sin-titulo-2.png\",\"contentUrl\":\"https:\\\/\\\/acupunturadurango.com\\\/wp-content\\\/uploads\\\/2025\\\/04\\\/cropped-Diseno-sin-titulo-2.png\",\"width\":300,\"height\":200,\"caption\":\"Acupuntura Nei Guan\"},\"image\":{\"@id\":\"https:\\\/\\\/acupunturadurango.com\\\/#\\\/schema\\\/logo\\\/image\\\/\"}}]}<\/script>\n<!-- \/ Yoast SEO plugin. -->","yoast_head_json":{"title":"Inicio - Acupuntura Nei Guan","robots":{"index":"index","follow":"follow","max-snippet":"max-snippet:-1","max-image-preview":"max-image-preview:large","max-video-preview":"max-video-preview:-1"},"canonical":"https:\/\/acupunturadurango.com\/eu\/","og_locale":"en_US","og_type":"article","og_title":"Inicio - Acupuntura Nei Guan","og_description":"Bienvenidos a Acupuntura Nei Guan Acupuntura y Medicina Tradicional China en Durango Acupuntura Quienes somos Igor Guti\u00e9rrez es Licenciado en Medicina Tradicional China por la Middlesex University (Reino Unido) y por la Universidad de Beijing de Medicina China (BeiJing Zhong Yi Yao Da Xue). Durante su formaci\u00f3n realizo extensivas pr\u00e1cticas tanto en cl\u00ednicas privadas como [&hellip;]","og_url":"https:\/\/acupunturadurango.com\/eu\/","og_site_name":"Acupuntura Nei Guan","article_modified_time":"2025-04-07T11:08:35+00:00","og_image":[{"url":"https:\/\/acupunturadurango.com\/wp-content\/uploads\/2025\/04\/2148847561-683x1024.jpg","type":"","width":"","height":""}],"twitter_card":"summary_large_image","twitter_misc":{"Est. reading time":"4 minutua"},"schema":{"@context":"https:\/\/schema.org","@graph":[{"@type":"WebPage","@id":"https:\/\/acupunturadurango.com\/","url":"https:\/\/acupunturadurango.com\/","name":"Inicio - Acupuntura Nei Guan","isPartOf":{"@id":"https:\/\/acupunturadurango.com\/#website"},"primaryImageOfPage":{"@id":"https:\/\/acupunturadurango.com\/#primaryimage"},"image":{"@id":"https:\/\/acupunturadurango.com\/#primaryimage"},"thumbnailUrl":"https:\/\/acupunturadurango.com\/wp-content\/uploads\/2025\/04\/2148847561-683x1024.jpg","datePublished":"2025-04-05T15:55:08+00:00","dateModified":"2025-04-07T11:08:35+00:00","breadcrumb":{"@id":"https:\/\/acupunturadurango.com\/#breadcrumb"},"inLanguage":"eu","potentialAction":[{"@type":"ReadAction","target":["https:\/\/acupunturadurango.com\/"]}]},{"@type":"ImageObject","inLanguage":"eu","@id":"https:\/\/acupunturadurango.com\/#primaryimage","url":"https:\/\/acupunturadurango.com\/wp-content\/uploads\/2025\/04\/2148847561-683x1024.jpg","contentUrl":"https:\/\/acupunturadurango.com\/wp-content\/uploads\/2025\/04\/2148847561-683x1024.jpg"},{"@type":"BreadcrumbList","@id":"https:\/\/acupunturadurango.com\/#breadcrumb","itemListElement":[{"@type":"ListItem","position":1,"name":"Portada","item":"https:\/\/acupunturadurango.com\/"},{"@type":"ListItem","position":2,"name":"Inicio"}]},{"@type":"WebSite","@id":"https:\/\/acupunturadurango.com\/#website","url":"https:\/\/acupunturadurango.com\/","name":"Acupuntura Nei Guan","description":"Acupuntura y Medicina Tradicional China","publisher":{"@id":"https:\/\/acupunturadurango.com\/#organization"},"potentialAction":[{"@type":"SearchAction","target":{"@type":"EntryPoint","urlTemplate":"https:\/\/acupunturadurango.com\/?s={search_term_string}"},"query-input":{"@type":"PropertyValueSpecification","valueRequired":true,"valueName":"search_term_string"}}],"inLanguage":"eu"},{"@type":"Organization","@id":"https:\/\/acupunturadurango.com\/#organization","name":"Acupuntura Nei Guan","url":"https:\/\/acupunturadurango.com\/","logo":{"@type":"ImageObject","inLanguage":"eu","@id":"https:\/\/acupunturadurango.com\/#\/schema\/logo\/image\/","url":"https:\/\/acupunturadurango.com\/wp-content\/uploads\/2025\/04\/cropped-Diseno-sin-titulo-2.png","contentUrl":"https:\/\/acupunturadurango.com\/wp-content\/uploads\/2025\/04\/cropped-Diseno-sin-titulo-2.png","width":300,"height":200,"caption":"Acupuntura Nei Guan"},"image":{"@id":"https:\/\/acupunturadurango.com\/#\/schema\/logo\/image\/"}}]}},"_links":{"self":[{"href":"https:\/\/acupunturadurango.com\/eu\/wp-json\/wp\/v2\/pages\/2","targetHints":{"allow":["GET"]}}],"collection":[{"href":"https:\/\/acupunturadurango.com\/eu\/wp-json\/wp\/v2\/pages"}],"about":[{"href":"https:\/\/acupunturadurango.com\/eu\/wp-json\/wp\/v2\/types\/page"}],"author":[{"embeddable":true,"href":"https:\/\/acupunturadurango.com\/eu\/wp-json\/wp\/v2\/users\/1"}],"replies":[{"embeddable":true,"href":"https:\/\/acupunturadurango.com\/eu\/wp-json\/wp\/v2\/comments?post=2"}],"version-history":[{"count":118,"href":"https:\/\/acupunturadurango.com\/eu\/wp-json\/wp\/v2\/pages\/2\/revisions"}],"predecessor-version":[{"id":303,"href":"https:\/\/acupunturadurango.com\/eu\/wp-json\/wp\/v2\/pages\/2\/revisions\/303"}],"wp:attachment":[{"href":"https:\/\/acupunturadurango.com\/eu\/wp-json\/wp\/v2\/media?parent=2"}],"curies":[{"name":"wp","href":"https:\/\/api.w.org\/{rel}","templated":true}]}}