{"id":22,"date":"2025-04-05T18:44:56","date_gmt":"2025-04-05T18:44:56","guid":{"rendered":"https:\/\/acupunturadurango.rkinformatika.online\/?page_id=22"},"modified":"2025-04-07T10:56:29","modified_gmt":"2025-04-07T10:56:29","slug":"acupuntura","status":"publish","type":"page","link":"https:\/\/acupunturadurango.com\/eu\/acupuntura\/","title":{"rendered":"Acupuntura"},"content":{"rendered":"<div data-elementor-type=\"wp-page\" data-elementor-id=\"22\" class=\"elementor elementor-22\" data-elementor-post-type=\"page\">\n\t\t\t\t\t\t<section class=\"elementor-section elementor-top-section elementor-element elementor-element-4f37b55 elementor-section-height-min-height elementor-section-boxed elementor-section-height-default elementor-section-items-middle\" data-id=\"4f37b55\" data-element_type=\"section\" data-e-type=\"section\" data-settings=\"{&quot;background_background&quot;:&quot;classic&quot;}\">\n\t\t\t\t\t\t\t<div class=\"elementor-background-overlay\"><\/div>\n\t\t\t\t\t\t\t<div class=\"elementor-container elementor-column-gap-no\">\n\t\t\t\t\t<div class=\"elementor-column elementor-col-100 elementor-top-column elementor-element elementor-element-7042df4\" data-id=\"7042df4\" data-element_type=\"column\" data-e-type=\"column\">\n\t\t\t<div class=\"elementor-widget-wrap elementor-element-populated\">\n\t\t\t\t\t\t<div class=\"elementor-element elementor-element-c1dcf9f elementor-invisible elementor-widget elementor-widget-heading\" data-id=\"c1dcf9f\" data-element_type=\"widget\" data-e-type=\"widget\" data-settings=\"{&quot;_animation&quot;:&quot;zoomIn&quot;}\" data-widget_type=\"heading.default\">\n\t\t\t\t<div class=\"elementor-widget-container\">\n\t\t\t\t\t<h2 class=\"elementor-heading-title elementor-size-default\">Acupuntura<\/h2>\t\t\t\t<\/div>\n\t\t\t\t<\/div>\n\t\t\t\t\t<\/div>\n\t\t<\/div>\n\t\t\t\t\t<\/div>\n\t\t<\/section>\n\t\t<div class=\"elementor-element elementor-element-667896b e-flex e-con-boxed e-con e-parent\" data-id=\"667896b\" data-element_type=\"container\" data-e-type=\"container\">\n\t\t\t\t\t<div class=\"e-con-inner\">\n\t\t<div class=\"elementor-element elementor-element-5737ea9 e-con-full e-flex e-con e-child\" data-id=\"5737ea9\" data-element_type=\"container\" data-e-type=\"container\" data-settings=\"{&quot;background_background&quot;:&quot;classic&quot;}\">\n\t\t\t\t<div class=\"elementor-element elementor-element-17e0abb elementor-widget elementor-widget-heading\" data-id=\"17e0abb\" data-element_type=\"widget\" data-e-type=\"widget\" data-widget_type=\"heading.default\">\n\t\t\t\t<div class=\"elementor-widget-container\">\n\t\t\t\t\t<h2 class=\"elementor-heading-title elementor-size-default\">Dermatolog\u00eda en Medicina Tradicional China<\/h2>\t\t\t\t<\/div>\n\t\t\t\t<\/div>\n\t\t\t\t<div class=\"elementor-element elementor-element-383a59c elementor-widget elementor-widget-text-editor\" data-id=\"383a59c\" data-element_type=\"widget\" data-e-type=\"widget\" data-widget_type=\"text-editor.default\">\n\t\t\t\t<div class=\"elementor-widget-container\">\n\t\t\t\t\t\t\t\t\t<p>Tratamiento natural y personalizado para afecciones cut\u00e1neas como acn\u00e9, eccemas, psoriasis, urticarias, dermatitis at\u00f3pica o ros\u00e1cea. Se combinan acupuntura, fitoterapia china y recomendaciones diet\u00e9ticas, buscando el equilibrio interno que se refleja en la salud de la piel.<\/p>\t\t\t\t\t\t\t\t<\/div>\n\t\t\t\t<\/div>\n\t\t\t\t<\/div>\n\t\t<div class=\"elementor-element elementor-element-81d4eef e-con-full e-flex e-con e-child\" data-id=\"81d4eef\" data-element_type=\"container\" data-e-type=\"container\" data-settings=\"{&quot;background_background&quot;:&quot;classic&quot;}\">\n\t\t\t\t<div class=\"elementor-element elementor-element-49f2496 elementor-widget elementor-widget-heading\" data-id=\"49f2496\" data-element_type=\"widget\" data-e-type=\"widget\" data-widget_type=\"heading.default\">\n\t\t\t\t<div class=\"elementor-widget-container\">\n\t\t\t\t\t<h2 class=\"elementor-heading-title elementor-size-default\">Reumatolog\u00eda y dolor articular<\/h2>\t\t\t\t<\/div>\n\t\t\t\t<\/div>\n\t\t\t\t<div class=\"elementor-element elementor-element-f233158 elementor-widget elementor-widget-text-editor\" data-id=\"f233158\" data-element_type=\"widget\" data-e-type=\"widget\" data-widget_type=\"text-editor.default\">\n\t\t\t\t<div class=\"elementor-widget-container\">\n\t\t\t\t\t\t\t\t\t<p>Enfoque integral para aliviar dolores cr\u00f3nicos, inflamaciones articulares y enfermedades como artritis, artrosis, fibromialgia o ci\u00e1tica. La acupuntura y otras t\u00e9cnicas ayudan a reducir la inflamaci\u00f3n, mejorar la movilidad y aliviar el dolor de forma sostenida y sin efectos secundarios.<\/p>\t\t\t\t\t\t\t\t<\/div>\n\t\t\t\t<\/div>\n\t\t\t\t<\/div>\n\t\t<div class=\"elementor-element elementor-element-252e2cc e-con-full e-flex e-con e-child\" data-id=\"252e2cc\" data-element_type=\"container\" data-e-type=\"container\" data-settings=\"{&quot;background_background&quot;:&quot;classic&quot;}\">\n\t\t\t\t<div class=\"elementor-element elementor-element-6b3a8ea elementor-widget elementor-widget-heading\" data-id=\"6b3a8ea\" data-element_type=\"widget\" data-e-type=\"widget\" data-widget_type=\"heading.default\">\n\t\t\t\t<div class=\"elementor-widget-container\">\n\t\t\t\t\t<h2 class=\"elementor-heading-title elementor-size-default\">Shonishin \u2013 Acupuntura pedi\u00e1trica japonesa<\/h2>\t\t\t\t<\/div>\n\t\t\t\t<\/div>\n\t\t\t\t<div class=\"elementor-element elementor-element-267880a elementor-widget elementor-widget-text-editor\" data-id=\"267880a\" data-element_type=\"widget\" data-e-type=\"widget\" data-widget_type=\"text-editor.default\">\n\t\t\t\t<div class=\"elementor-widget-container\">\n\t\t\t\t\t\t\t\t\t<p>T\u00e9cnica suave y no invasiva, ideal para beb\u00e9s y ni\u00f1os. Utiliza herramientas especiales que no pinchan, para tratar c\u00f3licos, insomnio, hiperactividad, resfriados recurrentes, alergias o problemas digestivos, fortaleciendo el sistema inmune y ayudando al equilibrio f\u00edsico y emocional desde edades tempranas.<\/p>\t\t\t\t\t\t\t\t<\/div>\n\t\t\t\t<\/div>\n\t\t\t\t<\/div>\n\t\t\t\t\t<\/div>\n\t\t\t\t<\/div>\n\t\t\t\t<section class=\"elementor-section elementor-top-section elementor-element elementor-element-8d9fbfe elementor-section-boxed elementor-section-height-default elementor-section-height-default\" data-id=\"8d9fbfe\" data-element_type=\"section\" data-e-type=\"section\" data-settings=\"{&quot;background_background&quot;:&quot;classic&quot;}\">\n\t\t\t\t\t\t\t<div class=\"elementor-background-overlay\"><\/div>\n\t\t\t\t\t\t\t<div class=\"elementor-container elementor-column-gap-no\">\n\t\t\t\t\t<div class=\"elementor-column elementor-col-100 elementor-top-column elementor-element elementor-element-93d462d\" data-id=\"93d462d\" data-element_type=\"column\" data-e-type=\"column\" data-settings=\"{&quot;background_background&quot;:&quot;classic&quot;}\">\n\t\t\t<div class=\"elementor-widget-wrap elementor-element-populated\">\n\t\t\t\t\t\t<div class=\"elementor-element elementor-element-58965d0 elementor-invisible elementor-widget elementor-widget-heading\" data-id=\"58965d0\" data-element_type=\"widget\" data-e-type=\"widget\" data-settings=\"{&quot;_animation&quot;:&quot;zoomIn&quot;}\" data-widget_type=\"heading.default\">\n\t\t\t\t<div class=\"elementor-widget-container\">\n\t\t\t\t\t<h2 class=\"elementor-heading-title elementor-size-default\">Basado en a\u00f1os de experiencia cl\u00ednica en China, Reino Unido y Espa\u00f1a.<\/h2>\t\t\t\t<\/div>\n\t\t\t\t<\/div>\n\t\t\t\t<div class=\"elementor-element elementor-element-86a5300 elementor-invisible elementor-widget elementor-widget-heading\" data-id=\"86a5300\" data-element_type=\"widget\" data-e-type=\"widget\" data-settings=\"{&quot;_animation&quot;:&quot;zoomIn&quot;}\" data-widget_type=\"heading.default\">\n\t\t\t\t<div class=\"elementor-widget-container\">\n\t\t\t\t\t<h2 class=\"elementor-heading-title elementor-size-default\">Tu salud tratada con dedicaci\u00f3n, conocimiento y sensibilidad.<\/h2>\t\t\t\t<\/div>\n\t\t\t\t<\/div>\n\t\t\t\t<div class=\"elementor-element elementor-element-f4e5405 elementor-align-center elementor-invisible elementor-widget elementor-widget-button\" data-id=\"f4e5405\" data-element_type=\"widget\" data-e-type=\"widget\" data-settings=\"{&quot;_animation&quot;:&quot;zoomIn&quot;}\" data-widget_type=\"button.default\">\n\t\t\t\t<div class=\"elementor-widget-container\">\n\t\t\t\t\t\t\t\t\t<div class=\"elementor-button-wrapper\">\n\t\t\t\t\t<a class=\"elementor-button elementor-button-link elementor-size-sm elementor-animation-hang\" href=\"https:\/\/acupunturadurango.com\/index.php\/contacto\/\">\n\t\t\t\t\t\t<span class=\"elementor-button-content-wrapper\">\n\t\t\t\t\t\t\t\t\t<span class=\"elementor-button-text\">Jarri gurekin harremanetan<\/span>\n\t\t\t\t\t<\/span>\n\t\t\t\t\t<\/a>\n\t\t\t\t<\/div>\n\t\t\t\t\t\t\t\t<\/div>\n\t\t\t\t<\/div>\n\t\t\t\t\t<\/div>\n\t\t<\/div>\n\t\t\t\t\t<\/div>\n\t\t<\/section>\n\t\t\t\t<\/div>","protected":false},"excerpt":{"rendered":"<p>Acupuntura Dermatolog\u00eda en Medicina Tradicional China Tratamiento natural y personalizado para afecciones cut\u00e1neas como acn\u00e9, eccemas, psoriasis, urticarias, dermatitis at\u00f3pica o ros\u00e1cea. Se combinan acupuntura, fitoterapia china y recomendaciones diet\u00e9ticas, buscando el equilibrio interno que se refleja en la salud de la piel. Reumatolog\u00eda y dolor articular Enfoque integral para aliviar dolores cr\u00f3nicos, inflamaciones articulares [&hellip;]<\/p>\n","protected":false},"author":1,"featured_media":0,"parent":0,"menu_order":0,"comment_status":"closed","ping_status":"closed","template":"","meta":{"footnotes":""},"class_list":["post-22","page","type-page","status-publish","hentry"],"yoast_head":"<!-- This site is optimized with the Yoast SEO plugin v27.3 - https:\/\/yoast.com\/product\/yoast-seo-wordpress\/ -->\n<title>Acupuntura - Acupuntura Nei Guan<\/title>\n<meta name=\"robots\" content=\"index, follow, max-snippet:-1, max-image-preview:large, max-video-preview:-1\" \/>\n<link rel=\"canonical\" href=\"https:\/\/acupunturadurango.com\/eu\/acupuntura\/\" \/>\n<meta property=\"og:locale\" content=\"en_US\" \/>\n<meta property=\"og:type\" content=\"article\" \/>\n<meta property=\"og:title\" content=\"Acupuntura - Acupuntura Nei Guan\" \/>\n<meta property=\"og:description\" content=\"Acupuntura Dermatolog\u00eda en Medicina Tradicional China Tratamiento natural y personalizado para afecciones cut\u00e1neas como acn\u00e9, eccemas, psoriasis, urticarias, dermatitis at\u00f3pica o ros\u00e1cea. Se combinan acupuntura, fitoterapia china y recomendaciones diet\u00e9ticas, buscando el equilibrio interno que se refleja en la salud de la piel. Reumatolog\u00eda y dolor articular Enfoque integral para aliviar dolores cr\u00f3nicos, inflamaciones articulares [&hellip;]\" \/>\n<meta property=\"og:url\" content=\"https:\/\/acupunturadurango.com\/eu\/acupuntura\/\" \/>\n<meta property=\"og:site_name\" content=\"Acupuntura Nei Guan\" \/>\n<meta property=\"article:modified_time\" content=\"2025-04-07T10:56:29+00:00\" \/>\n<meta name=\"twitter:card\" content=\"summary_large_image\" \/>\n<meta name=\"twitter:label1\" content=\"Est. reading time\" \/>\n\t<meta name=\"twitter:data1\" content=\"1 minutua\" \/>\n<script type=\"application\/ld+json\" class=\"yoast-schema-graph\">{\"@context\":\"https:\\\/\\\/schema.org\",\"@graph\":[{\"@type\":\"WebPage\",\"@id\":\"https:\\\/\\\/acupunturadurango.com\\\/acupuntura\\\/\",\"url\":\"https:\\\/\\\/acupunturadurango.com\\\/acupuntura\\\/\",\"name\":\"Acupuntura - Acupuntura Nei Guan\",\"isPartOf\":{\"@id\":\"https:\\\/\\\/acupunturadurango.com\\\/#website\"},\"datePublished\":\"2025-04-05T18:44:56+00:00\",\"dateModified\":\"2025-04-07T10:56:29+00:00\",\"breadcrumb\":{\"@id\":\"https:\\\/\\\/acupunturadurango.com\\\/acupuntura\\\/#breadcrumb\"},\"inLanguage\":\"eu\",\"potentialAction\":[{\"@type\":\"ReadAction\",\"target\":[\"https:\\\/\\\/acupunturadurango.com\\\/acupuntura\\\/\"]}]},{\"@type\":\"BreadcrumbList\",\"@id\":\"https:\\\/\\\/acupunturadurango.com\\\/acupuntura\\\/#breadcrumb\",\"itemListElement\":[{\"@type\":\"ListItem\",\"position\":1,\"name\":\"Portada\",\"item\":\"https:\\\/\\\/acupunturadurango.com\\\/\"},{\"@type\":\"ListItem\",\"position\":2,\"name\":\"Acupuntura\"}]},{\"@type\":\"WebSite\",\"@id\":\"https:\\\/\\\/acupunturadurango.com\\\/#website\",\"url\":\"https:\\\/\\\/acupunturadurango.com\\\/\",\"name\":\"Acupuntura Nei Guan\",\"description\":\"Acupuntura y Medicina Tradicional China\",\"publisher\":{\"@id\":\"https:\\\/\\\/acupunturadurango.com\\\/#organization\"},\"potentialAction\":[{\"@type\":\"SearchAction\",\"target\":{\"@type\":\"EntryPoint\",\"urlTemplate\":\"https:\\\/\\\/acupunturadurango.com\\\/?s={search_term_string}\"},\"query-input\":{\"@type\":\"PropertyValueSpecification\",\"valueRequired\":true,\"valueName\":\"search_term_string\"}}],\"inLanguage\":\"eu\"},{\"@type\":\"Organization\",\"@id\":\"https:\\\/\\\/acupunturadurango.com\\\/#organization\",\"name\":\"Acupuntura Nei Guan\",\"url\":\"https:\\\/\\\/acupunturadurango.com\\\/\",\"logo\":{\"@type\":\"ImageObject\",\"inLanguage\":\"eu\",\"@id\":\"https:\\\/\\\/acupunturadurango.com\\\/#\\\/schema\\\/logo\\\/image\\\/\",\"url\":\"https:\\\/\\\/acupunturadurango.com\\\/wp-content\\\/uploads\\\/2025\\\/04\\\/cropped-Diseno-sin-titulo-2.png\",\"contentUrl\":\"https:\\\/\\\/acupunturadurango.com\\\/wp-content\\\/uploads\\\/2025\\\/04\\\/cropped-Diseno-sin-titulo-2.png\",\"width\":300,\"height\":200,\"caption\":\"Acupuntura Nei Guan\"},\"image\":{\"@id\":\"https:\\\/\\\/acupunturadurango.com\\\/#\\\/schema\\\/logo\\\/image\\\/\"}}]}<\/script>\n<!-- \/ Yoast SEO plugin. -->","yoast_head_json":{"title":"Acupuntura - Acupuntura Nei Guan","robots":{"index":"index","follow":"follow","max-snippet":"max-snippet:-1","max-image-preview":"max-image-preview:large","max-video-preview":"max-video-preview:-1"},"canonical":"https:\/\/acupunturadurango.com\/eu\/acupuntura\/","og_locale":"en_US","og_type":"article","og_title":"Acupuntura - Acupuntura Nei Guan","og_description":"Acupuntura Dermatolog\u00eda en Medicina Tradicional China Tratamiento natural y personalizado para afecciones cut\u00e1neas como acn\u00e9, eccemas, psoriasis, urticarias, dermatitis at\u00f3pica o ros\u00e1cea. Se combinan acupuntura, fitoterapia china y recomendaciones diet\u00e9ticas, buscando el equilibrio interno que se refleja en la salud de la piel. Reumatolog\u00eda y dolor articular Enfoque integral para aliviar dolores cr\u00f3nicos, inflamaciones articulares [&hellip;]","og_url":"https:\/\/acupunturadurango.com\/eu\/acupuntura\/","og_site_name":"Acupuntura Nei Guan","article_modified_time":"2025-04-07T10:56:29+00:00","twitter_card":"summary_large_image","twitter_misc":{"Est. reading time":"1 minutua"},"schema":{"@context":"https:\/\/schema.org","@graph":[{"@type":"WebPage","@id":"https:\/\/acupunturadurango.com\/acupuntura\/","url":"https:\/\/acupunturadurango.com\/acupuntura\/","name":"Acupuntura - Acupuntura Nei Guan","isPartOf":{"@id":"https:\/\/acupunturadurango.com\/#website"},"datePublished":"2025-04-05T18:44:56+00:00","dateModified":"2025-04-07T10:56:29+00:00","breadcrumb":{"@id":"https:\/\/acupunturadurango.com\/acupuntura\/#breadcrumb"},"inLanguage":"eu","potentialAction":[{"@type":"ReadAction","target":["https:\/\/acupunturadurango.com\/acupuntura\/"]}]},{"@type":"BreadcrumbList","@id":"https:\/\/acupunturadurango.com\/acupuntura\/#breadcrumb","itemListElement":[{"@type":"ListItem","position":1,"name":"Portada","item":"https:\/\/acupunturadurango.com\/"},{"@type":"ListItem","position":2,"name":"Acupuntura"}]},{"@type":"WebSite","@id":"https:\/\/acupunturadurango.com\/#website","url":"https:\/\/acupunturadurango.com\/","name":"Acupuntura Nei Guan","description":"Acupuntura y Medicina Tradicional China","publisher":{"@id":"https:\/\/acupunturadurango.com\/#organization"},"potentialAction":[{"@type":"SearchAction","target":{"@type":"EntryPoint","urlTemplate":"https:\/\/acupunturadurango.com\/?s={search_term_string}"},"query-input":{"@type":"PropertyValueSpecification","valueRequired":true,"valueName":"search_term_string"}}],"inLanguage":"eu"},{"@type":"Organization","@id":"https:\/\/acupunturadurango.com\/#organization","name":"Acupuntura Nei Guan","url":"https:\/\/acupunturadurango.com\/","logo":{"@type":"ImageObject","inLanguage":"eu","@id":"https:\/\/acupunturadurango.com\/#\/schema\/logo\/image\/","url":"https:\/\/acupunturadurango.com\/wp-content\/uploads\/2025\/04\/cropped-Diseno-sin-titulo-2.png","contentUrl":"https:\/\/acupunturadurango.com\/wp-content\/uploads\/2025\/04\/cropped-Diseno-sin-titulo-2.png","width":300,"height":200,"caption":"Acupuntura Nei Guan"},"image":{"@id":"https:\/\/acupunturadurango.com\/#\/schema\/logo\/image\/"}}]}},"_links":{"self":[{"href":"https:\/\/acupunturadurango.com\/eu\/wp-json\/wp\/v2\/pages\/22","targetHints":{"allow":["GET"]}}],"collection":[{"href":"https:\/\/acupunturadurango.com\/eu\/wp-json\/wp\/v2\/pages"}],"about":[{"href":"https:\/\/acupunturadurango.com\/eu\/wp-json\/wp\/v2\/types\/page"}],"author":[{"embeddable":true,"href":"https:\/\/acupunturadurango.com\/eu\/wp-json\/wp\/v2\/users\/1"}],"replies":[{"embeddable":true,"href":"https:\/\/acupunturadurango.com\/eu\/wp-json\/wp\/v2\/comments?post=22"}],"version-history":[{"count":52,"href":"https:\/\/acupunturadurango.com\/eu\/wp-json\/wp\/v2\/pages\/22\/revisions"}],"predecessor-version":[{"id":276,"href":"https:\/\/acupunturadurango.com\/eu\/wp-json\/wp\/v2\/pages\/22\/revisions\/276"}],"wp:attachment":[{"href":"https:\/\/acupunturadurango.com\/eu\/wp-json\/wp\/v2\/media?parent=22"}],"curies":[{"name":"wp","href":"https:\/\/api.w.org\/{rel}","templated":true}]}}